{"id":14,"date":"2021-11-21T15:14:19","date_gmt":"2021-11-21T15:14:19","guid":{"rendered":"https:\/\/ndlingatlan.hu\/?page_id=14"},"modified":"2023-06-23T11:34:18","modified_gmt":"2023-06-23T11:34:18","slug":"csomagajanlataink","status":"publish","type":"page","link":"https:\/\/ndlingatlan.hu\/?page_id=14","title":{"rendered":"Csomagaj\u00e1nlataink"},"content":{"rendered":"\t\t<div data-elementor-type=\"wp-page\" data-elementor-id=\"14\" class=\"elementor elementor-14\">\n\t\t\t\t\t\t\t\t\t<section class=\"elementor-section elementor-top-section elementor-element elementor-element-a04dcf5 elementor-section-height-min-height elementor-section-boxed elementor-section-height-default elementor-section-items-middle\" data-id=\"a04dcf5\" data-element_type=\"section\" data-settings=\"{&quot;background_background&quot;:&quot;classic&quot;}\">\n\t\t\t\t\t\t<div class=\"elementor-container elementor-column-gap-default\">\n\t\t\t\t\t<div class=\"elementor-column elementor-col-100 elementor-top-column elementor-element elementor-element-557876f\" data-id=\"557876f\" data-element_type=\"column\">\n\t\t\t<div class=\"elementor-widget-wrap elementor-element-populated\">\n\t\t\t\t\t\t\t\t<div class=\"elementor-element elementor-element-79c44b1 elementor-widget elementor-widget-heading\" data-id=\"79c44b1\" data-element_type=\"widget\" data-widget_type=\"heading.default\">\n\t\t\t\t<div class=\"elementor-widget-container\">\n\t\t\t<style>\/*! elementor - v3.14.0 - 18-06-2023 *\/\n.elementor-heading-title{padding:0;margin:0;line-height:1}.elementor-widget-heading .elementor-heading-title[class*=elementor-size-]>a{color:inherit;font-size:inherit;line-height:inherit}.elementor-widget-heading .elementor-heading-title.elementor-size-small{font-size:15px}.elementor-widget-heading .elementor-heading-title.elementor-size-medium{font-size:19px}.elementor-widget-heading .elementor-heading-title.elementor-size-large{font-size:29px}.elementor-widget-heading .elementor-heading-title.elementor-size-xl{font-size:39px}.elementor-widget-heading .elementor-heading-title.elementor-size-xxl{font-size:59px}<\/style><h2 class=\"elementor-heading-title elementor-size-default\">Csomagaj\u00e1nlataink<\/h2>\t\t<\/div>\n\t\t\t\t<\/div>\n\t\t\t\t\t<\/div>\n\t\t<\/div>\n\t\t\t\t\t\t\t<\/div>\n\t\t<\/section>\n\t\t\t\t<section class=\"elementor-section elementor-top-section elementor-element elementor-element-58c6479 elementor-section-boxed elementor-section-height-default elementor-section-height-default\" data-id=\"58c6479\" data-element_type=\"section\">\n\t\t\t\t\t\t<div class=\"elementor-container elementor-column-gap-default\">\n\t\t\t\t\t<div class=\"elementor-column elementor-col-33 elementor-top-column elementor-element elementor-element-97e30a4\" data-id=\"97e30a4\" data-element_type=\"column\">\n\t\t\t<div class=\"elementor-widget-wrap elementor-element-populated\">\n\t\t\t\t\t\t\t\t<div class=\"elementor-element elementor-element-c174401 elementor-widget elementor-widget-heading\" data-id=\"c174401\" data-element_type=\"widget\" data-widget_type=\"heading.default\">\n\t\t\t\t<div class=\"elementor-widget-container\">\n\t\t\t<h2 class=\"elementor-heading-title elementor-size-default\">Mini<\/h2>\t\t<\/div>\n\t\t\t\t<\/div>\n\t\t\t\t<div class=\"elementor-element elementor-element-c8b4f53 elementor-widget elementor-widget-heading\" data-id=\"c8b4f53\" data-element_type=\"widget\" data-widget_type=\"heading.default\">\n\t\t\t\t<div class=\"elementor-widget-container\">\n\t\t\t<h5 class=\"elementor-heading-title elementor-size-default\">csomag<\/h5>\t\t<\/div>\n\t\t\t\t<\/div>\n\t\t\t\t<div class=\"elementor-element elementor-element-c62fad9 elementor-widget elementor-widget-text-editor\" data-id=\"c62fad9\" data-element_type=\"widget\" data-widget_type=\"text-editor.default\">\n\t\t\t\t<div class=\"elementor-widget-container\">\n\t\t\t<style>\/*! elementor - v3.14.0 - 18-06-2023 *\/\n.elementor-widget-text-editor.elementor-drop-cap-view-stacked .elementor-drop-cap{background-color:#69727d;color:#fff}.elementor-widget-text-editor.elementor-drop-cap-view-framed .elementor-drop-cap{color:#69727d;border:3px solid;background-color:transparent}.elementor-widget-text-editor:not(.elementor-drop-cap-view-default) .elementor-drop-cap{margin-top:8px}.elementor-widget-text-editor:not(.elementor-drop-cap-view-default) .elementor-drop-cap-letter{width:1em;height:1em}.elementor-widget-text-editor .elementor-drop-cap{float:left;text-align:center;line-height:1;font-size:50px}.elementor-widget-text-editor .elementor-drop-cap-letter{display:inline-block}<\/style>\t\t\t\t<ul><li>egyszeres k\u00f6nyvvitel<\/li><li>besz\u00e1mol\u00f3 \u00e9s k\u00f6lts\u00e9gvet\u00e9s elk\u00e9sz\u00edt\u00e9se<\/li><li>tulajdonosi egyenlegek vezet\u00e9se<\/li><li>online lak\u00f3i fel\u00fclet<\/li><li>kintl\u00e9v\u0151s\u00e9g kezel\u00e9s<\/li><li>szerz\u0151d\u00f6tt partnerekkel kapcsolattart\u00e1s, \u00fcgyint\u00e9z\u00e9s<\/li><li>szervezet-, m\u0171k\u00f6d\u00e9si szab\u00e1lyzat, valamint alap\u00edt\u00f3 okirat sz\u00fcks\u00e9g szerinti m\u00f3dos\u00edt\u00e1s\u00e1ban k\u00f6zrem\u0171k\u00f6d\u00e9s<\/li><li>telefonos \u00e9s e-mailes \u00fcgyint\u00e9z\u00e9s<\/li><li>t\u00e1rsash\u00e1zi sz\u00e1ml\u00e1k ellen\u0151rz\u00e9se \u00e9s utal\u00e1sa \u00f6n\u00e1ll\u00f3an<\/li><li>m\u0171szaki \u00fcgyelet (munkanapokon, 9-17 \u00f3ra k\u00f6z\u00f6tt)<\/li><li>karbantart\u00e1si, jav\u00edt\u00e1si munk\u00e1k szervez\u00e9se<\/li><li>d\u00edjban foglalt k\u00f6zgy\u0171l\u00e9sek sz\u00e1ma (\u00e9vente): 1 db<\/li><li>egyenleg k\u00fcld\u00e9s gyakoris\u00e1ga (e-mailen): \u00e9vente<\/li><li>\u00e1ltal\u00e1nos v\u00e1laszad\u00e1si hat\u00e1rid\u0151: 1 munkanap<\/li><li>e-kedvezm\u00e9ny maxim\u00e1lis m\u00e9rt\u00e9ke: 5%<\/li><\/ul><p>Alap k\u00f6z\u00f6s k\u00e9pviseleti tev\u00e9kenys\u00e9get biztos\u00edt\u00f3 csomagunk kisebb lak\u00f3k\u00f6z\u00f6ss\u00e9geknek. Minimum havi d\u00edj: 30 000,- Ft. Az \u00e1r nem min\u0151s\u00fcl aj\u00e1nlatt\u00e9telnek, koll\u00e9g\u00e1nkkal t\u00f6rt\u00e9nt egyeztet\u00e9s ut\u00e1n szem\u00e9lyre szabott \u00e1rakat k\u00fcld\u00fcnk!<\/p>\t\t\t\t\t\t<\/div>\n\t\t\t\t<\/div>\n\t\t\t\t<div class=\"elementor-element elementor-element-f51915f elementor-align-center elementor-widget elementor-widget-button\" data-id=\"f51915f\" data-element_type=\"widget\" data-widget_type=\"button.default\">\n\t\t\t\t<div class=\"elementor-widget-container\">\n\t\t\t\t\t<div class=\"elementor-button-wrapper\">\n\t\t\t<a class=\"elementor-button elementor-button-link elementor-size-sm\" href=\"https:\/\/ndlingatlan.hu\/?page_id=1334\">\n\t\t\t\t\t\t<span class=\"elementor-button-content-wrapper\">\n\t\t\t\t\t\t<span class=\"elementor-button-text\">AJ\u00c1NLATOT K\u00c9REK<\/span>\n\t\t<\/span>\n\t\t\t\t\t<\/a>\n\t\t<\/div>\n\t\t\t\t<\/div>\n\t\t\t\t<\/div>\n\t\t\t\t\t<\/div>\n\t\t<\/div>\n\t\t\t\t<div class=\"elementor-column elementor-col-33 elementor-top-column elementor-element elementor-element-705ae68\" data-id=\"705ae68\" data-element_type=\"column\">\n\t\t\t<div class=\"elementor-widget-wrap elementor-element-populated\">\n\t\t\t\t\t\t\t\t<div class=\"elementor-element elementor-element-3939137 elementor-widget elementor-widget-heading\" data-id=\"3939137\" data-element_type=\"widget\" data-widget_type=\"heading.default\">\n\t\t\t\t<div class=\"elementor-widget-container\">\n\t\t\t<h2 class=\"elementor-heading-title elementor-size-default\">OPTIMUM<\/h2>\t\t<\/div>\n\t\t\t\t<\/div>\n\t\t\t\t<div class=\"elementor-element elementor-element-113506b elementor-widget elementor-widget-heading\" data-id=\"113506b\" data-element_type=\"widget\" data-widget_type=\"heading.default\">\n\t\t\t\t<div class=\"elementor-widget-container\">\n\t\t\t<h5 class=\"elementor-heading-title elementor-size-default\">csomag<\/h5>\t\t<\/div>\n\t\t\t\t<\/div>\n\t\t\t\t<div class=\"elementor-element elementor-element-464566d elementor-widget elementor-widget-text-editor\" data-id=\"464566d\" data-element_type=\"widget\" data-widget_type=\"text-editor.default\">\n\t\t\t\t<div class=\"elementor-widget-container\">\n\t\t\t\t\t\t\t<ul><li><p><strong>Mini csomag tartalma, PLUSZ:<\/strong><\/p><p>\u00a0<\/p><ul><li>0-24 \u00f3r\u00e1s m\u0171szaki\/rendelkez\u00e9sre \u00e1ll\u00e1si \u00fcgyelet<\/li><li>k\u00f6z\u00fczemi elsz\u00e1mol\u00e1sok k\u00e9sz\u00edt\u00e9se (v\u00edz, f\u0171t\u00e9s, h\u0171t\u00e9s stb.)<\/li><li>fel\u00faj\u00edt\u00e1si munk\u00e1k megrendel\u00e9se, lebonyol\u00edt\u00e1sa (rendes gazd\u00e1lkod\u00e1s k\u00f6r\u00e9n bel\u00fcl)<\/li><li>p\u00e1ly\u00e1zatfigyel\u00e9s, \u00f6nkorm\u00e1nyzati \u00e9s f\u0151v\u00e1rosi p\u00e1ly\u00e1zatokon val\u00f3 indul\u00e1s<\/li><li>egyenleg k\u00fcld\u00e9s gyakoris\u00e1ga (e-mailen): f\u00e9l\u00e9vente<\/li><li>d\u00edjban foglalt k\u00f6zgy\u0171l\u00e9sek sz\u00e1ma (\u00e9vente): 2 db<\/li><li>e-kedvezm\u00e9ny maxim\u00e1lis m\u00e9rt\u00e9ke: 10%<\/li><\/ul><p>\u00a0<\/p><p>*Minimum havi d\u00edj: 50 000,- Ft. 100 albet\u00e9t felett egyedi kedvezm\u00e9nyt biztos\u00edtunk! Az \u00e1r nem min\u0151s\u00fcl aj\u00e1nlatt\u00e9telnek, koll\u00e9g\u00e1nkkal t\u00f6rt\u00e9nt egyeztet\u00e9s ut\u00e1n szem\u00e9lyre szabott \u00e1rakat k\u00fcld\u00fcnk!<\/p><\/li><\/ul>\t\t\t\t\t\t<\/div>\n\t\t\t\t<\/div>\n\t\t\t\t<div class=\"elementor-element elementor-element-1ad7669 elementor-align-center elementor-widget elementor-widget-button\" data-id=\"1ad7669\" data-element_type=\"widget\" data-widget_type=\"button.default\">\n\t\t\t\t<div class=\"elementor-widget-container\">\n\t\t\t\t\t<div class=\"elementor-button-wrapper\">\n\t\t\t<a class=\"elementor-button elementor-button-link elementor-size-sm\" href=\"https:\/\/ndlingatlan.hu\/?page_id=1334\">\n\t\t\t\t\t\t<span class=\"elementor-button-content-wrapper\">\n\t\t\t\t\t\t<span class=\"elementor-button-text\">AJ\u00c1NLATOT K\u00c9REK<\/span>\n\t\t<\/span>\n\t\t\t\t\t<\/a>\n\t\t<\/div>\n\t\t\t\t<\/div>\n\t\t\t\t<\/div>\n\t\t\t\t\t<\/div>\n\t\t<\/div>\n\t\t\t\t<div class=\"elementor-column elementor-col-33 elementor-top-column elementor-element elementor-element-1af1ca8\" data-id=\"1af1ca8\" data-element_type=\"column\">\n\t\t\t<div class=\"elementor-widget-wrap elementor-element-populated\">\n\t\t\t\t\t\t\t\t<div class=\"elementor-element elementor-element-08991c1 elementor-widget elementor-widget-heading\" data-id=\"08991c1\" data-element_type=\"widget\" data-widget_type=\"heading.default\">\n\t\t\t\t<div class=\"elementor-widget-container\">\n\t\t\t<h3 class=\"elementor-heading-title elementor-size-default\">N\u00c9PSZER\u0170<\/h3>\t\t<\/div>\n\t\t\t\t<\/div>\n\t\t\t\t<div class=\"elementor-element elementor-element-3372424 elementor-widget elementor-widget-heading\" data-id=\"3372424\" data-element_type=\"widget\" data-widget_type=\"heading.default\">\n\t\t\t\t<div class=\"elementor-widget-container\">\n\t\t\t<h2 class=\"elementor-heading-title elementor-size-default\">Pr\u00e9mium<\/h2>\t\t<\/div>\n\t\t\t\t<\/div>\n\t\t\t\t<div class=\"elementor-element elementor-element-715c0c9 elementor-widget elementor-widget-heading\" data-id=\"715c0c9\" data-element_type=\"widget\" data-widget_type=\"heading.default\">\n\t\t\t\t<div class=\"elementor-widget-container\">\n\t\t\t<h5 class=\"elementor-heading-title elementor-size-default\">csomag<\/h5>\t\t<\/div>\n\t\t\t\t<\/div>\n\t\t\t\t<div class=\"elementor-element elementor-element-8942cb9 elementor-widget elementor-widget-text-editor\" data-id=\"8942cb9\" data-element_type=\"widget\" data-widget_type=\"text-editor.default\">\n\t\t\t\t<div class=\"elementor-widget-container\">\n\t\t\t\t\t\t\t<ul><li><p><strong>Optimum csomag tartalma, PLUSZ:<\/strong><\/p><p>\u00a0<\/p><ul><li>rendes gazd\u00e1lkod\u00e1s k\u00f6r\u00e9t meghalad\u00f3 munk\u00e1k szervez\u00e9se<\/li><li>a m\u00e9rleg \u00e9s a sz\u00e1mviteli tv. szerinti besz\u00e1mol\u00f3 m\u00e9rlegk\u00e9pes k\u00f6nyvel\u0151 \u00e1ltali ellenjegyz\u00e9se<\/li><li>fogad\u00f3\u00f3ra a T\u00e1rsash\u00e1zban<\/li><li>alkalmazottakkal kapcsolatos \u00fcgyint\u00e9z\u00e9s<\/li><li>b\u00e9rbeadott helyis\u00e9gekkel kapcsolatos \u00fcgyint\u00e9z\u00e9s<\/li><li>egyenlegk\u00fcld\u00e9s gyakoris\u00e1ga (e-mailen): havonta<\/li><li>korl\u00e1tlan sz\u00e1m\u00fa k\u00f6zgy\u0171l\u00e9s<\/li><li>e-kedvezm\u00e9ny maxim\u00e1lis m\u00e9rt\u00e9ke : 15%<\/li><\/ul><p>\u00a0<\/p><p>*Nincs alapd\u00edj! Kifejezetten nagy, panelekre \u00e9s lak\u00f3parkokra kialak\u00edtott csomagunk. Gondnoki szolg\u00e1ltat\u00e1s megl\u00e9te sz\u00fcks\u00e9ges! 250 albet\u00e9t felett egyedi kedvezm\u00e9nyt biztos\u00edtunk! Az \u00e1r nem min\u0151s\u00fcl aj\u00e1nlatt\u00e9telnek, koll\u00e9g\u00e1nkkal t\u00f6rt\u00e9nt egyeztet\u00e9s ut\u00e1n szem\u00e9lyre szabott \u00e1rakat k\u00fcld\u00fcnk!<\/p><p>\u00a0<\/p><\/li><\/ul>\t\t\t\t\t\t<\/div>\n\t\t\t\t<\/div>\n\t\t\t\t<div class=\"elementor-element elementor-element-bbadc28 elementor-align-center elementor-widget elementor-widget-button\" data-id=\"bbadc28\" data-element_type=\"widget\" data-widget_type=\"button.default\">\n\t\t\t\t<div class=\"elementor-widget-container\">\n\t\t\t\t\t<div class=\"elementor-button-wrapper\">\n\t\t\t<a class=\"elementor-button elementor-button-link elementor-size-sm\" href=\"https:\/\/ndlingatlan.hu\/?page_id=1334\">\n\t\t\t\t\t\t<span class=\"elementor-button-content-wrapper\">\n\t\t\t\t\t\t<span class=\"elementor-button-text\">AJ\u00c1NLATOT K\u00c9REK<\/span>\n\t\t<\/span>\n\t\t\t\t\t<\/a>\n\t\t<\/div>\n\t\t\t\t<\/div>\n\t\t\t\t<\/div>\n\t\t\t\t\t<\/div>\n\t\t<\/div>\n\t\t\t\t\t\t\t<\/div>\n\t\t<\/section>\n\t\t\t\t<section class=\"elementor-section elementor-top-section elementor-element elementor-element-20d3d49 elementor-section-boxed elementor-section-height-default elementor-section-height-default\" data-id=\"20d3d49\" data-element_type=\"section\">\n\t\t\t\t\t\t<div class=\"elementor-container elementor-column-gap-default\">\n\t\t\t\t\t<div class=\"elementor-column elementor-col-100 elementor-top-column elementor-element elementor-element-fb44901\" data-id=\"fb44901\" data-element_type=\"column\">\n\t\t\t<div class=\"elementor-widget-wrap elementor-element-populated\">\n\t\t\t\t\t\t\t\t<div class=\"elementor-element elementor-element-7f07394 elementor-widget elementor-widget-text-editor\" data-id=\"7f07394\" data-element_type=\"widget\" data-widget_type=\"text-editor.default\">\n\t\t\t\t<div class=\"elementor-widget-container\">\n\t\t\t\t\t\t\t<p><em>Az egyes csomagok tartalma kiterjeszthet\u0151 az adott t\u00e1rsash\u00e1z egyedi ig\u00e9nyeire, valamint kombin\u00e1lhat\u00f3ak, ez\u00e9rt k\u00e9rj\u00fck t\u00f6ltse ki r\u00f6vid aj\u00e1nlatk\u00e9r\u0151nket \u00e9s koll\u00e9g\u00e1nkkal t\u00f6rt\u00e9nt egyeztet\u00e9s ut\u00e1n szem\u00e9lyre szabott \u00e1rakat k\u00fcld\u00fcnk!<\/em><\/p><p><em>* 2023. m\u00e1rcius 1-t\u0151l \u00e9rv\u00e9nyes \u00e1raink! A d\u00edj szempontj\u00e1b\u00f3l albet\u00e9tnek a lak\u00e1sok, \u00fczletek \u00e9s irod\u00e1k egy\u00fcttesen tekintend\u0151ek, gar\u00e1zsra, parkol\u00f3ra, valamint t\u00e1rol\u00f3ra nem sz\u00e1molunk fel k\u00f6z\u00f6s k\u00e9pviseleti d\u00edjat!<\/em><\/p>\t\t\t\t\t\t<\/div>\n\t\t\t\t<\/div>\n\t\t\t\t\t<\/div>\n\t\t<\/div>\n\t\t\t\t\t\t\t<\/div>\n\t\t<\/section>\n\t\t\t\t\t\t\t<\/div>\n\t\t","protected":false},"excerpt":{"rendered":"<p>Csomagaj\u00e1nlataink Mini csomag egyszeres k\u00f6nyvvitel besz\u00e1mol\u00f3 \u00e9s k\u00f6lts\u00e9gvet\u00e9s elk\u00e9sz\u00edt\u00e9se tulajdonosi egyenlegek vezet\u00e9se online lak\u00f3i fel\u00fclet kintl\u00e9v\u0151s\u00e9g kezel\u00e9s szerz\u0151d\u00f6tt partnerekkel kapcsolattart\u00e1s, \u00fcgyint\u00e9z\u00e9s szervezet-, m\u0171k\u00f6d\u00e9si szab\u00e1lyzat, valamint alap\u00edt\u00f3 okirat sz\u00fcks\u00e9g szerinti m\u00f3dos\u00edt\u00e1s\u00e1ban k\u00f6zrem\u0171k\u00f6d\u00e9s telefonos \u00e9s e-mailes \u00fcgyint\u00e9z\u00e9s t\u00e1rsash\u00e1zi sz\u00e1ml\u00e1k ellen\u0151rz\u00e9se \u00e9s utal\u00e1sa \u00f6n\u00e1ll\u00f3an m\u0171szaki \u00fcgyelet (munkanapokon, 9-17 \u00f3ra k\u00f6z\u00f6tt) karbantart\u00e1si, jav\u00edt\u00e1si munk\u00e1k szervez\u00e9se d\u00edjban foglalt k\u00f6zgy\u0171l\u00e9sek sz\u00e1ma &hellip;<\/p>\n<p class=\"read-more\"> <a class=\"\" href=\"https:\/\/ndlingatlan.hu\/?page_id=14\"> <span class=\"screen-reader-text\">Csomagaj\u00e1nlataink<\/span> Read More &raquo;<\/a><\/p>\n","protected":false},"author":2,"featured_media":0,"parent":0,"menu_order":0,"comment_status":"closed","ping_status":"closed","template":"","meta":{"_mi_skip_tracking":false,"_monsterinsights_sitenote_active":false,"_monsterinsights_sitenote_note":"","_monsterinsights_sitenote_category":0,"site-sidebar-layout":"no-sidebar","site-content-layout":"page-builder","ast-global-header-display":"","ast-banner-title-visibility":"","ast-main-header-display":"","ast-hfb-above-header-display":"","ast-hfb-below-header-display":"","ast-hfb-mobile-header-display":"","site-post-title":"disabled","ast-breadcrumbs-content":"","ast-featured-img":"disabled","footer-sml-layout":"","theme-transparent-header-meta":"default","adv-header-id-meta":"","stick-header-meta":"","header-above-stick-meta":"","header-main-stick-meta":"","header-below-stick-meta":""},"_links":{"self":[{"href":"https:\/\/ndlingatlan.hu\/index.php?rest_route=\/wp\/v2\/pages\/14"}],"collection":[{"href":"https:\/\/ndlingatlan.hu\/index.php?rest_route=\/wp\/v2\/pages"}],"about":[{"href":"https:\/\/ndlingatlan.hu\/index.php?rest_route=\/wp\/v2\/types\/page"}],"author":[{"embeddable":true,"href":"https:\/\/ndlingatlan.hu\/index.php?rest_route=\/wp\/v2\/users\/2"}],"replies":[{"embeddable":true,"href":"https:\/\/ndlingatlan.hu\/index.php?rest_route=%2Fwp%2Fv2%2Fcomments&post=14"}],"version-history":[{"count":6,"href":"https:\/\/ndlingatlan.hu\/index.php?rest_route=\/wp\/v2\/pages\/14\/revisions"}],"predecessor-version":[{"id":1363,"href":"https:\/\/ndlingatlan.hu\/index.php?rest_route=\/wp\/v2\/pages\/14\/revisions\/1363"}],"wp:attachment":[{"href":"https:\/\/ndlingatlan.hu\/index.php?rest_route=%2Fwp%2Fv2%2Fmedia&parent=14"}],"curies":[{"name":"wp","href":"https:\/\/api.w.org\/{rel}","templated":true}]}}