{"id":1339,"date":"2023-06-23T11:28:04","date_gmt":"2023-06-23T11:28:04","guid":{"rendered":"https:\/\/ndlingatlan.hu\/?page_id=1339"},"modified":"2024-01-11T16:39:15","modified_gmt":"2024-01-11T14:39:15","slug":"rolunk","status":"publish","type":"page","link":"https:\/\/ndlingatlan.hu\/?page_id=1339","title":{"rendered":"R\u00f3lunk"},"content":{"rendered":"\t\t<div data-elementor-type=\"wp-page\" data-elementor-id=\"1339\" class=\"elementor elementor-1339\">\n\t\t\t\t\t\t\t\t\t<section class=\"elementor-section elementor-top-section elementor-element elementor-element-07f19d0 elementor-section-height-min-height elementor-section-boxed elementor-section-height-default elementor-section-items-middle\" data-id=\"07f19d0\" data-element_type=\"section\" data-settings=\"{&quot;background_background&quot;:&quot;classic&quot;}\">\n\t\t\t\t\t\t\t<div class=\"elementor-background-overlay\"><\/div>\n\t\t\t\t\t\t\t<div class=\"elementor-container elementor-column-gap-default\">\n\t\t\t\t\t<div class=\"elementor-column elementor-col-100 elementor-top-column elementor-element elementor-element-1c91332\" data-id=\"1c91332\" data-element_type=\"column\">\n\t\t\t<div class=\"elementor-widget-wrap elementor-element-populated\">\n\t\t\t\t\t\t\t\t<div class=\"elementor-element elementor-element-6ef426e elementor-widget elementor-widget-heading\" data-id=\"6ef426e\" data-element_type=\"widget\" data-widget_type=\"heading.default\">\n\t\t\t\t<div class=\"elementor-widget-container\">\n\t\t\t<style>\/*! elementor - v3.14.0 - 18-06-2023 *\/\n.elementor-heading-title{padding:0;margin:0;line-height:1}.elementor-widget-heading .elementor-heading-title[class*=elementor-size-]>a{color:inherit;font-size:inherit;line-height:inherit}.elementor-widget-heading .elementor-heading-title.elementor-size-small{font-size:15px}.elementor-widget-heading .elementor-heading-title.elementor-size-medium{font-size:19px}.elementor-widget-heading .elementor-heading-title.elementor-size-large{font-size:29px}.elementor-widget-heading .elementor-heading-title.elementor-size-xl{font-size:39px}.elementor-widget-heading .elementor-heading-title.elementor-size-xxl{font-size:59px}<\/style><h1 class=\"elementor-heading-title elementor-size-default\">Munkat\u00e1rsaink<\/h1>\t\t<\/div>\n\t\t\t\t<\/div>\n\t\t\t\t\t<\/div>\n\t\t<\/div>\n\t\t\t\t\t\t\t<\/div>\n\t\t<\/section>\n\t\t\t\t<section class=\"elementor-section elementor-top-section elementor-element elementor-element-9934c3c elementor-section-boxed elementor-section-height-default elementor-section-height-default\" data-id=\"9934c3c\" data-element_type=\"section\">\n\t\t\t\t\t\t<div class=\"elementor-container elementor-column-gap-default\">\n\t\t\t\t\t<div class=\"elementor-column elementor-col-100 elementor-top-column elementor-element elementor-element-0842ef0\" data-id=\"0842ef0\" data-element_type=\"column\">\n\t\t\t<div class=\"elementor-widget-wrap elementor-element-populated\">\n\t\t\t\t\t\t\t\t<div class=\"elementor-element elementor-element-c73d56a elementor-widget elementor-widget-heading\" data-id=\"c73d56a\" data-element_type=\"widget\" data-widget_type=\"heading.default\">\n\t\t\t\t<div class=\"elementor-widget-container\">\n\t\t\t<h2 class=\"elementor-heading-title elementor-size-default\">Ismerje meg az NDL PR\u00c9MIUM csapat\u00e1t<\/h2>\t\t<\/div>\n\t\t\t\t<\/div>\n\t\t\t\t<div class=\"elementor-element elementor-element-887dc68 elementor-widget elementor-widget-text-editor\" data-id=\"887dc68\" data-element_type=\"widget\" data-widget_type=\"text-editor.default\">\n\t\t\t\t<div class=\"elementor-widget-container\">\n\t\t\t<style>\/*! elementor - v3.14.0 - 18-06-2023 *\/\n.elementor-widget-text-editor.elementor-drop-cap-view-stacked .elementor-drop-cap{background-color:#69727d;color:#fff}.elementor-widget-text-editor.elementor-drop-cap-view-framed .elementor-drop-cap{color:#69727d;border:3px solid;background-color:transparent}.elementor-widget-text-editor:not(.elementor-drop-cap-view-default) .elementor-drop-cap{margin-top:8px}.elementor-widget-text-editor:not(.elementor-drop-cap-view-default) .elementor-drop-cap-letter{width:1em;height:1em}.elementor-widget-text-editor .elementor-drop-cap{float:left;text-align:center;line-height:1;font-size:50px}.elementor-widget-text-editor .elementor-drop-cap-letter{display:inline-block}<\/style>\t\t\t\t<p>\u0150k azok, akik tud\u00e1sukkal, felk\u00e9sz\u00fclts\u00e9g\u00fckkel, seg\u00edt\u0151k\u00e9szs\u00e9g\u00fckkel seg\u00edteni fognak abban, hogy t\u00e1rsash\u00e1za biztons\u00e1gban, fejl\u0151d\u00e9sben \u00e9s nyugalomban legyen az \u00e9v 365 napj\u00e1n. Mindezt \u00fagy, hogy az \u00fcgyint\u00e9z\u00e9s \u00f6sszes feladata csapatunkra h\u00e1rul. Nem v\u00e9letlen\u00fcl: nem csak \u00e9rt\u00fcnk a t\u00e1rsash\u00e1zak kezel\u00e9s\u00e9hez, de szeretj\u00fck is csin\u00e1lni.<\/p>\t\t\t\t\t\t<\/div>\n\t\t\t\t<\/div>\n\t\t\t\t<section class=\"elementor-section elementor-inner-section elementor-element elementor-element-d60bcd3 elementor-section-full_width elementor-section-height-default elementor-section-height-default\" data-id=\"d60bcd3\" data-element_type=\"section\">\n\t\t\t\t\t\t<div class=\"elementor-container elementor-column-gap-default\">\n\t\t\t\t\t<div class=\"elementor-column elementor-col-33 elementor-inner-column elementor-element elementor-element-7ee7ed0\" data-id=\"7ee7ed0\" data-element_type=\"column\">\n\t\t\t<div class=\"elementor-widget-wrap elementor-element-populated\">\n\t\t\t\t\t\t\t\t<div class=\"elementor-element elementor-element-41fce30 elementor-widget elementor-widget-heading\" data-id=\"41fce30\" data-element_type=\"widget\" data-widget_type=\"heading.default\">\n\t\t\t\t<div class=\"elementor-widget-container\">\n\t\t\t<h2 class=\"elementor-heading-title elementor-size-default\">Juh\u00e1sz Attila S\u00e1ndor<\/h2>\t\t<\/div>\n\t\t\t\t<\/div>\n\t\t\t\t<div class=\"elementor-element elementor-element-3f99be0 elementor-widget elementor-widget-text-editor\" data-id=\"3f99be0\" data-element_type=\"widget\" data-widget_type=\"text-editor.default\">\n\t\t\t\t<div class=\"elementor-widget-container\">\n\t\t\t\t\t\t\t<p>k\u00f6z\u00f6s k\u00e9pvisel\u0151<\/p>\t\t\t\t\t\t<\/div>\n\t\t\t\t<\/div>\n\t\t\t\t\t<\/div>\n\t\t<\/div>\n\t\t\t\t<div class=\"elementor-column elementor-col-33 elementor-inner-column elementor-element elementor-element-8a4193a\" data-id=\"8a4193a\" data-element_type=\"column\">\n\t\t\t<div class=\"elementor-widget-wrap elementor-element-populated\">\n\t\t\t\t\t\t\t\t<div class=\"elementor-element elementor-element-4644e83 elementor-widget elementor-widget-heading\" data-id=\"4644e83\" data-element_type=\"widget\" data-widget_type=\"heading.default\">\n\t\t\t\t<div class=\"elementor-widget-container\">\n\t\t\t<h2 class=\"elementor-heading-title elementor-size-default\">N\u00e9meth D\u00f3ra Lilla<\/h2>\t\t<\/div>\n\t\t\t\t<\/div>\n\t\t\t\t<div class=\"elementor-element elementor-element-bcd68ce elementor-widget elementor-widget-text-editor\" data-id=\"bcd68ce\" data-element_type=\"widget\" data-widget_type=\"text-editor.default\">\n\t\t\t\t<div class=\"elementor-widget-container\">\n\t\t\t\t\t\t\t<p>\u00fcgyvezet\u0151 igazgat\u00f3<\/p>\t\t\t\t\t\t<\/div>\n\t\t\t\t<\/div>\n\t\t\t\t\t<\/div>\n\t\t<\/div>\n\t\t\t\t<div class=\"elementor-column elementor-col-33 elementor-inner-column elementor-element elementor-element-4015a59\" data-id=\"4015a59\" data-element_type=\"column\">\n\t\t\t<div class=\"elementor-widget-wrap elementor-element-populated\">\n\t\t\t\t\t\t\t\t<div class=\"elementor-element elementor-element-558835d elementor-widget elementor-widget-heading\" data-id=\"558835d\" data-element_type=\"widget\" data-widget_type=\"heading.default\">\n\t\t\t\t<div class=\"elementor-widget-container\">\n\t\t\t<h2 class=\"elementor-heading-title elementor-size-default\">Nagy L\u00e1szl\u00f3<\/h2>\t\t<\/div>\n\t\t\t\t<\/div>\n\t\t\t\t<div class=\"elementor-element elementor-element-f35befc elementor-widget elementor-widget-text-editor\" data-id=\"f35befc\" data-element_type=\"widget\" data-widget_type=\"text-editor.default\">\n\t\t\t\t<div class=\"elementor-widget-container\">\n\t\t\t\t\t\t\t<p>irodai asszisztens<\/p>\t\t\t\t\t\t<\/div>\n\t\t\t\t<\/div>\n\t\t\t\t\t<\/div>\n\t\t<\/div>\n\t\t\t\t\t\t\t<\/div>\n\t\t<\/section>\n\t\t\t\t\t<\/div>\n\t\t<\/div>\n\t\t\t\t\t\t\t<\/div>\n\t\t<\/section>\n\t\t\t\t\t\t\t<\/div>\n\t\t","protected":false},"excerpt":{"rendered":"<p>Munkat\u00e1rsaink Ismerje meg az NDL PR\u00c9MIUM csapat\u00e1t \u0150k azok, akik tud\u00e1sukkal, felk\u00e9sz\u00fclts\u00e9g\u00fckkel, seg\u00edt\u0151k\u00e9szs\u00e9g\u00fckkel seg\u00edteni fognak abban, hogy t\u00e1rsash\u00e1za biztons\u00e1gban, fejl\u0151d\u00e9sben \u00e9s nyugalomban legyen az \u00e9v 365 napj\u00e1n. Mindezt \u00fagy, hogy az \u00fcgyint\u00e9z\u00e9s \u00f6sszes feladata csapatunkra h\u00e1rul. Nem v\u00e9letlen\u00fcl: nem csak \u00e9rt\u00fcnk a t\u00e1rsash\u00e1zak kezel\u00e9s\u00e9hez, de szeretj\u00fck is csin\u00e1lni. Juh\u00e1sz Attila S\u00e1ndor k\u00f6z\u00f6s k\u00e9pvisel\u0151 N\u00e9meth D\u00f3ra &hellip;<\/p>\n<p class=\"read-more\"> <a class=\"\" href=\"https:\/\/ndlingatlan.hu\/?page_id=1339\"> <span class=\"screen-reader-text\">R\u00f3lunk<\/span> Read More &raquo;<\/a><\/p>\n","protected":false},"author":2,"featured_media":0,"parent":0,"menu_order":0,"comment_status":"closed","ping_status":"closed","template":"","meta":{"_mi_skip_tracking":false,"_monsterinsights_sitenote_active":false,"_monsterinsights_sitenote_note":"","_monsterinsights_sitenote_category":0,"site-sidebar-layout":"no-sidebar","site-content-layout":"page-builder","ast-global-header-display":"","ast-banner-title-visibility":"","ast-main-header-display":"","ast-hfb-above-header-display":"","ast-hfb-below-header-display":"","ast-hfb-mobile-header-display":"","site-post-title":"disabled","ast-breadcrumbs-content":"","ast-featured-img":"disabled","footer-sml-layout":"","theme-transparent-header-meta":"enabled","adv-header-id-meta":"","stick-header-meta":"","header-above-stick-meta":"","header-main-stick-meta":"","header-below-stick-meta":""},"_links":{"self":[{"href":"https:\/\/ndlingatlan.hu\/index.php?rest_route=\/wp\/v2\/pages\/1339"}],"collection":[{"href":"https:\/\/ndlingatlan.hu\/index.php?rest_route=\/wp\/v2\/pages"}],"about":[{"href":"https:\/\/ndlingatlan.hu\/index.php?rest_route=\/wp\/v2\/types\/page"}],"author":[{"embeddable":true,"href":"https:\/\/ndlingatlan.hu\/index.php?rest_route=\/wp\/v2\/users\/2"}],"replies":[{"embeddable":true,"href":"https:\/\/ndlingatlan.hu\/index.php?rest_route=%2Fwp%2Fv2%2Fcomments&post=1339"}],"version-history":[{"count":6,"href":"https:\/\/ndlingatlan.hu\/index.php?rest_route=\/wp\/v2\/pages\/1339\/revisions"}],"predecessor-version":[{"id":1411,"href":"https:\/\/ndlingatlan.hu\/index.php?rest_route=\/wp\/v2\/pages\/1339\/revisions\/1411"}],"wp:attachment":[{"href":"https:\/\/ndlingatlan.hu\/index.php?rest_route=%2Fwp%2Fv2%2Fmedia&parent=1339"}],"curies":[{"name":"wp","href":"https:\/\/api.w.org\/{rel}","templated":true}]}}