{"id":1337,"date":"2023-06-23T11:27:39","date_gmt":"2023-06-23T11:27:39","guid":{"rendered":"https:\/\/ndlingatlan.hu\/?page_id=1337"},"modified":"2023-06-23T11:35:25","modified_gmt":"2023-06-23T11:35:25","slug":"nyugalombiztos-tarsashaz-13-lepesben","status":"publish","type":"page","link":"https:\/\/ndlingatlan.hu\/?page_id=1337","title":{"rendered":"Nyugalombiztos T\u00e1rsash\u00e1z 13 l\u00e9p\u00e9sben"},"content":{"rendered":"\t\t<div data-elementor-type=\"wp-page\" data-elementor-id=\"1337\" class=\"elementor elementor-1337\">\n\t\t\t\t\t\t\t\t\t<section class=\"elementor-section elementor-top-section elementor-element elementor-element-2645f3c elementor-section-height-min-height elementor-section-boxed elementor-section-height-default elementor-section-items-middle\" data-id=\"2645f3c\" data-element_type=\"section\" data-settings=\"{&quot;background_background&quot;:&quot;classic&quot;}\">\n\t\t\t\t\t\t\t<div class=\"elementor-background-overlay\"><\/div>\n\t\t\t\t\t\t\t<div class=\"elementor-container elementor-column-gap-default\">\n\t\t\t\t\t<div class=\"elementor-column elementor-col-100 elementor-top-column elementor-element elementor-element-7747201\" data-id=\"7747201\" data-element_type=\"column\">\n\t\t\t<div class=\"elementor-widget-wrap elementor-element-populated\">\n\t\t\t\t\t\t\t\t<div class=\"elementor-element elementor-element-ef49b17 elementor-widget elementor-widget-heading\" data-id=\"ef49b17\" data-element_type=\"widget\" data-widget_type=\"heading.default\">\n\t\t\t\t<div class=\"elementor-widget-container\">\n\t\t\t<style>\/*! elementor - v3.14.0 - 18-06-2023 *\/\n.elementor-heading-title{padding:0;margin:0;line-height:1}.elementor-widget-heading .elementor-heading-title[class*=elementor-size-]>a{color:inherit;font-size:inherit;line-height:inherit}.elementor-widget-heading .elementor-heading-title.elementor-size-small{font-size:15px}.elementor-widget-heading .elementor-heading-title.elementor-size-medium{font-size:19px}.elementor-widget-heading .elementor-heading-title.elementor-size-large{font-size:29px}.elementor-widget-heading .elementor-heading-title.elementor-size-xl{font-size:39px}.elementor-widget-heading .elementor-heading-title.elementor-size-xxl{font-size:59px}<\/style><h1 class=\"elementor-heading-title elementor-size-default\">Nyugalombiztos T\u00e1rsash\u00e1z 13 l\u00e9p\u00e9sben<\/h1>\t\t<\/div>\n\t\t\t\t<\/div>\n\t\t\t\t\t<\/div>\n\t\t<\/div>\n\t\t\t\t\t\t\t<\/div>\n\t\t<\/section>\n\t\t\t\t<section class=\"elementor-section elementor-top-section elementor-element elementor-element-521ebe2 elementor-section-boxed elementor-section-height-default elementor-section-height-default\" data-id=\"521ebe2\" data-element_type=\"section\">\n\t\t\t\t\t\t<div class=\"elementor-container elementor-column-gap-default\">\n\t\t\t\t\t<div class=\"elementor-column elementor-col-100 elementor-top-column elementor-element elementor-element-a3a542b\" data-id=\"a3a542b\" data-element_type=\"column\">\n\t\t\t<div class=\"elementor-widget-wrap elementor-element-populated\">\n\t\t\t\t\t\t\t\t<div class=\"elementor-element elementor-element-defada5 elementor-widget elementor-widget-text-editor\" data-id=\"defada5\" data-element_type=\"widget\" data-widget_type=\"text-editor.default\">\n\t\t\t\t<div class=\"elementor-widget-container\">\n\t\t\t<style>\/*! elementor - v3.14.0 - 18-06-2023 *\/\n.elementor-widget-text-editor.elementor-drop-cap-view-stacked .elementor-drop-cap{background-color:#69727d;color:#fff}.elementor-widget-text-editor.elementor-drop-cap-view-framed .elementor-drop-cap{color:#69727d;border:3px solid;background-color:transparent}.elementor-widget-text-editor:not(.elementor-drop-cap-view-default) .elementor-drop-cap{margin-top:8px}.elementor-widget-text-editor:not(.elementor-drop-cap-view-default) .elementor-drop-cap-letter{width:1em;height:1em}.elementor-widget-text-editor .elementor-drop-cap{float:left;text-align:center;line-height:1;font-size:50px}.elementor-widget-text-editor .elementor-drop-cap-letter{display:inline-block}<\/style>\t\t\t\t<p><span style=\"color: #7c5819;\"><strong>#1 \u00c1tl\u00e1that\u00f3 gazd\u00e1lkod\u00e1s <\/strong><\/span><\/p><p>A Sz\u00e1mvizsg\u00e1l\u00f3 Bizotts\u00e1g, illetve a lak\u00f3k\u00f6z\u00f6ss\u00e9g sz\u00e1m\u00e1ra havi elsz\u00e1mol\u00e1st k\u00e9sz\u00edt\u00fcnk. 0-24 el\u00e9rhet\u0151 online rendszer\u00fcnknek k\u00f6sz\u00f6nhet\u0151en az \u00f6sszes lak\u00f3\u00a0b\u00e1rmikor betekinthet a t\u00e1rsash\u00e1z dokumentumaiba.<\/p><p><strong>\u00a0<\/strong><\/p><p><span style=\"color: #333300;\"><strong><span style=\"color: #7c5819;\">#2 Tulajdonosi szeml\u00e9let<\/span> <\/strong><\/span><\/p><p>K\u00e9rdez\u00fcnk, besz\u00e9lget\u00fcnk, kommunik\u00e1lunk. A lak\u00f3k ig\u00e9nyeit folyamatosan figyelj\u00fck. Ezzel garant\u00e1ljuk, hogy a t\u00e1rsash\u00e1z \u00e9s a k\u00f6z\u00f6s haszn\u00e1lat\u00fa helyis\u00e9gek \u00e1llapota hozz\u00e1j\u00e1ruljon a\u00a0lak\u00e1sok \u00e9rt\u00e9kn\u00f6veked\u00e9s\u00e9hez.<\/p><p><strong>\u00a0<\/strong><\/p><p><span style=\"color: #7c5819;\"><strong>#3 Fejleszt\u00e9sek <\/strong><\/span><\/p><p>A t\u00e1rsash\u00e1z ig\u00e9nyeinek felm\u00e9r\u00e9se ut\u00e1n javaslatot k\u00e9sz\u00edt\u00fcnk a k\u00f6zgy\u0171l\u00e9s sz\u00e1m\u00e1ra, hogy minden fontos fejleszt\u00e9si lehet\u0151s\u00e9gr\u0151l naprak\u00e9sz legyen a lak\u00f3k\u00f6z\u00f6ss\u00e9g. A fejleszt\u00e9si terv tartalmazza egy-egy lehets\u00e9ges projekt p\u00e9nz- \u00e9s id\u0151ig\u00e9ny\u00e9t.<\/p><p><strong>\u00a0<\/strong><\/p><p><span style=\"color: #7c5819;\"><strong>#4 Karbantart\u00e1si terv <\/strong><\/span><\/p><p>T\u0171zolt\u00e1s helyett megtervezett strat\u00e9gia. Az \u00e1ltalunk kezelt t\u00e1rsash\u00e1z m\u0171szaki \u00e1llapot\u00e1t felm\u00e9rj\u00fck, \u00e9s arra egy r\u00e9szletes, mindenre kiterjed\u0151 karbantart\u00e1si tervet dolgozunk ki.<\/p><p><strong>\u00a0<\/strong><\/p><p><span style=\"color: #7c5819;\"><strong>#5 Kommunik\u00e1ci\u00f3 <\/strong><\/span><\/p><p>M\u00e1r-m\u00e1r bar\u00e1ti kapcsolatban \u00e1llunk a lak\u00f3k\u00f6z\u00f6ss\u00e9gekkel. Havi szinten \u00f6sszefoglal\u00f3t k\u00fcld\u00fcnk a lak\u00f3knak a t\u00e1rsash\u00e1zat \u00e9rint\u0151 aktu\u00e1lis h\u00edrekr\u0151l, esem\u00e9nyekr\u0151l, m\u00e1sr\u00e9szt akt\u00edv \u00fcgyf\u00e9lszolg\u00e1latot tartunk fenn sz\u00e1mukra.<\/p><p><strong>\u00a0<\/strong><\/p><p><span style=\"color: #7c5819;\"><strong>#6 Kintl\u00e9v\u0151s\u00e9g kezel\u00e9s <\/strong><\/span><\/p><p>A k\u00f6z\u00f6s k\u00f6lts\u00e9ggel tartoz\u00f3k 3 h\u00f3napos tartoz\u00e1s ut\u00e1n \u00edr\u00e1sbeli fizet\u00e9si felsz\u00f3l\u00edt\u00e1st kapnak. A fizet\u00e9s elmarad\u00e1sa eset\u00e9n fizet\u00e9si meghagy\u00e1st \u00e9s v\u00e9grehajt\u00e1si elj\u00e1r\u00e1s kezdem\u00e9nyez\u00fcnk.<\/p><p><strong>\u00a0<\/strong><\/p><p><span style=\"color: #7c5819;\"><strong>#7 \u00c1tl\u00e1that\u00f3 k\u00f6nyvel\u00e9s <\/strong><\/span><\/p><p>A besz\u00e1mol\u00f3kat, elsz\u00e1mol\u00e1sokat \u00e9s k\u00f6lts\u00e9gvet\u00e9si terveket mindig pontosan, hat\u00e1rid\u0151re k\u00e9sz\u00edtj\u00fck el. Ezekr\u0151l a lak\u00f3k folyamatosan t\u00e1j\u00e9koz\u00f3dhatnak biztons\u00e1gos online fel\u00fclet\u00fcnk\u00f6n.<\/p><p><strong>\u00a0<\/strong><\/p><p><span style=\"color: #7c5819;\"><strong>#8 M\u0171szaki \u00fcgyelet, rendelkez\u00e9sre \u00e1ll\u00e1s<\/strong><\/span><\/p><p>M\u0171szaki probl\u00e9m\u00e1k eset\u00e9n a h\u00e9t minden napj\u00e1n, a nap 24 \u00f3r\u00e1j\u00e1ban el\u00e9rhet\u0151k vagyunk. Az \u00e9szlelt probl\u00e9m\u00e1t telefonon vagy emailben is b\u00e1rki bejelentheti.<\/p><p><strong>\u00a0<\/strong><\/p><p><span style=\"color: #7c5819;\"><strong>#9 Bev\u00e9teli lehet\u0151s\u00e9gek keres\u00e9se, tervez\u00e9se<\/strong><\/span><\/p><p>A t\u00e1rsash\u00e1z egyedi adotts\u00e1gait figyelembe v\u00e9ve a k\u00f6z\u00f6s tulajdon\u00fa ter\u00fcletek hasznos\u00edt\u00e1s\u00e1r\u00f3l javaslatokat\u00a0k\u00e9sz\u00edt\u00fcnk. Ha ezek k\u00f6z\u00fcl valamelyik elnyeri a lak\u00f3k\u00f6z\u00f6ss\u00e9g tetsz\u00e9s\u00e9t, akkor elind\u00edtjuk \u00e9s le is vez\u00e9nyelj\u00fck a teljes projektet, hogy a t\u00e1rsash\u00e1z plusz bev\u00e9telekhez juthasson.<\/p><p><strong>\u00a0<\/strong><\/p><p><span style=\"color: #7c5819;\"><strong>#10 P\u00e1ly\u00e1zatfigyel\u00e9s, p\u00e1ly\u00e1zat\u00edr\u00e1s <\/strong><\/span><\/p><p>A f\u0151v\u00e1rosi \u00e9s ker\u00fcleti \u00f6nkorm\u00e1nyzatok p\u00e1ly\u00e1zati ki\u00edr\u00e1sait minden nap monitorozzuk. P\u00e1ly\u00e1zat lehet\u0151s\u00e9g eset\u00e9n a p\u00e1ly\u00e1zati anyagok \u00f6ssze\u00e1ll\u00edtjuk, beny\u00fajtjuk, \u00e9s teljes k\u00f6r\u0171 \u00fcgyint\u00e9z\u00e9st is magunkra v\u00e1llaljuk.<\/p><p>\u00a0<\/p><p><span style=\"color: #7c5819;\"><strong>#11 Digit\u00e1lis iratt\u00e1r<\/strong><\/span><\/p><p>Biztons\u00e1gos online fel\u00fclet\u00fcnk\u00f6n kereszt\u00fcl az \u00f6sszes lak\u00f3 hozz\u00e1f\u00e9rhet a t\u00e1rsash\u00e1zhoz kapcsol\u00f3d\u00f3 iratokhoz, dokumentumokhoz, tervekhez. Azokat a nap 24 \u00f3r\u00e1j\u00e1ban b\u00e1rmikor megn\u00e9zheti, let\u00f6ltheti.<\/p><p>\u00a0<\/p><p><span style=\"color: #7c5819;\"><strong>#12 Online egyenlegek<\/strong><\/span><\/p><p>Biztons\u00e1gos online fel\u00fclet\u00fcnk\u00f6n kereszt\u00fcl b\u00e1rmikor megtekintheti egyenleg\u00e9t, el\u0151\u00edr\u00e1sait vagy ak\u00e1r a v\u00edz\u00f3ra \u00e1ll\u00e1sokat is, hogy befizet\u00e9seivel mindig naprak\u00e9sz lehessen.<\/p><p>\u00a0<\/p><p><span style=\"color: #7c5819;\"><strong>#13 Teljes hozz\u00e1f\u00e9r\u00e9s a k\u00f6nyvel\u00e9shez<\/strong><\/span><\/p><p>A t\u00e1rsash\u00e1z SZVB tagjainak teljes online hozz\u00e1f\u00e9r\u00e9st biztos\u00edtunk a k\u00f6nyvel\u00e9shez. \u00cdgy percre pontosan k\u00f6vethetik a t\u00e1rsash\u00e1z p\u00e9nz\u00fcgyeinek alakul\u00e1s\u00e1t, illetve a k\u00f6z\u00f6s k\u00e9pvisel\u0151 gazd\u00e1lkod\u00e1s\u00e1t.<\/p>\t\t\t\t\t\t<\/div>\n\t\t\t\t<\/div>\n\t\t\t\t\t<\/div>\n\t\t<\/div>\n\t\t\t\t\t\t\t<\/div>\n\t\t<\/section>\n\t\t\t\t\t\t\t<\/div>\n\t\t","protected":false},"excerpt":{"rendered":"<p>Nyugalombiztos T\u00e1rsash\u00e1z 13 l\u00e9p\u00e9sben #1 \u00c1tl\u00e1that\u00f3 gazd\u00e1lkod\u00e1s A Sz\u00e1mvizsg\u00e1l\u00f3 Bizotts\u00e1g, illetve a lak\u00f3k\u00f6z\u00f6ss\u00e9g sz\u00e1m\u00e1ra havi elsz\u00e1mol\u00e1st k\u00e9sz\u00edt\u00fcnk. 0-24 el\u00e9rhet\u0151 online rendszer\u00fcnknek k\u00f6sz\u00f6nhet\u0151en az \u00f6sszes lak\u00f3&nbsp;b\u00e1rmikor betekinthet a t\u00e1rsash\u00e1z dokumentumaiba. &nbsp; #2 Tulajdonosi szeml\u00e9let K\u00e9rdez\u00fcnk, besz\u00e9lget\u00fcnk, kommunik\u00e1lunk. A lak\u00f3k ig\u00e9nyeit folyamatosan figyelj\u00fck. Ezzel garant\u00e1ljuk, hogy a t\u00e1rsash\u00e1z \u00e9s a k\u00f6z\u00f6s haszn\u00e1lat\u00fa helyis\u00e9gek \u00e1llapota hozz\u00e1j\u00e1ruljon a&nbsp;lak\u00e1sok \u00e9rt\u00e9kn\u00f6veked\u00e9s\u00e9hez. &hellip;<\/p>\n<p class=\"read-more\"> <a class=\"\" href=\"https:\/\/ndlingatlan.hu\/?page_id=1337\"> <span class=\"screen-reader-text\">Nyugalombiztos T\u00e1rsash\u00e1z 13 l\u00e9p\u00e9sben<\/span> Read More &raquo;<\/a><\/p>\n","protected":false},"author":2,"featured_media":0,"parent":0,"menu_order":0,"comment_status":"closed","ping_status":"closed","template":"","meta":{"_mi_skip_tracking":false,"_monsterinsights_sitenote_active":false,"_monsterinsights_sitenote_note":"","_monsterinsights_sitenote_category":0,"site-sidebar-layout":"no-sidebar","site-content-layout":"page-builder","ast-global-header-display":"","ast-banner-title-visibility":"","ast-main-header-display":"","ast-hfb-above-header-display":"","ast-hfb-below-header-display":"","ast-hfb-mobile-header-display":"","site-post-title":"disabled","ast-breadcrumbs-content":"","ast-featured-img":"disabled","footer-sml-layout":"","theme-transparent-header-meta":"enabled","adv-header-id-meta":"","stick-header-meta":"","header-above-stick-meta":"","header-main-stick-meta":"","header-below-stick-meta":""},"_links":{"self":[{"href":"https:\/\/ndlingatlan.hu\/index.php?rest_route=\/wp\/v2\/pages\/1337"}],"collection":[{"href":"https:\/\/ndlingatlan.hu\/index.php?rest_route=\/wp\/v2\/pages"}],"about":[{"href":"https:\/\/ndlingatlan.hu\/index.php?rest_route=\/wp\/v2\/types\/page"}],"author":[{"embeddable":true,"href":"https:\/\/ndlingatlan.hu\/index.php?rest_route=\/wp\/v2\/users\/2"}],"replies":[{"embeddable":true,"href":"https:\/\/ndlingatlan.hu\/index.php?rest_route=%2Fwp%2Fv2%2Fcomments&post=1337"}],"version-history":[{"count":5,"href":"https:\/\/ndlingatlan.hu\/index.php?rest_route=\/wp\/v2\/pages\/1337\/revisions"}],"predecessor-version":[{"id":1367,"href":"https:\/\/ndlingatlan.hu\/index.php?rest_route=\/wp\/v2\/pages\/1337\/revisions\/1367"}],"wp:attachment":[{"href":"https:\/\/ndlingatlan.hu\/index.php?rest_route=%2Fwp%2Fv2%2Fmedia&parent=1337"}],"curies":[{"name":"wp","href":"https:\/\/api.w.org\/{rel}","templated":true}]}}