{"id":1317,"date":"2021-11-21T15:12:46","date_gmt":"2021-11-21T15:12:46","guid":{"rendered":"https:\/\/ndlingatlan.hu\/?page_id=1317"},"modified":"2023-06-23T11:30:15","modified_gmt":"2023-06-23T11:30:15","slug":"fooldal","status":"publish","type":"page","link":"https:\/\/ndlingatlan.hu\/","title":{"rendered":"Home"},"content":{"rendered":"\t\t<div data-elementor-type=\"wp-page\" data-elementor-id=\"1317\" class=\"elementor elementor-1317\">\n\t\t\t\t\t\t\t\t\t<section class=\"elementor-section elementor-top-section elementor-element elementor-element-342dee1 elementor-section-height-min-height elementor-section-boxed elementor-section-height-default elementor-section-items-middle\" data-id=\"342dee1\" data-element_type=\"section\" data-settings=\"{&quot;background_background&quot;:&quot;classic&quot;}\">\n\t\t\t\t\t\t<div class=\"elementor-container elementor-column-gap-default\">\n\t\t\t\t\t<div class=\"elementor-column elementor-col-100 elementor-top-column elementor-element elementor-element-004de9a\" data-id=\"004de9a\" data-element_type=\"column\">\n\t\t\t<div class=\"elementor-widget-wrap\">\n\t\t\t\t\t\t\t\t\t<\/div>\n\t\t<\/div>\n\t\t\t\t\t\t\t<\/div>\n\t\t<\/section>\n\t\t\t\t<section class=\"elementor-section elementor-top-section elementor-element elementor-element-7a33fc0 elementor-section-boxed elementor-section-height-default elementor-section-height-default\" data-id=\"7a33fc0\" data-element_type=\"section\">\n\t\t\t\t\t\t<div class=\"elementor-container elementor-column-gap-default\">\n\t\t\t\t\t<div class=\"elementor-column elementor-col-50 elementor-top-column elementor-element elementor-element-32a06e6\" data-id=\"32a06e6\" data-element_type=\"column\">\n\t\t\t<div class=\"elementor-widget-wrap elementor-element-populated\">\n\t\t\t\t\t\t\t\t<div class=\"elementor-element elementor-element-d4c7c93 elementor-widget elementor-widget-heading\" data-id=\"d4c7c93\" data-element_type=\"widget\" data-widget_type=\"heading.default\">\n\t\t\t\t<div class=\"elementor-widget-container\">\n\t\t\t<style>\/*! elementor - v3.14.0 - 18-06-2023 *\/\n.elementor-heading-title{padding:0;margin:0;line-height:1}.elementor-widget-heading .elementor-heading-title[class*=elementor-size-]>a{color:inherit;font-size:inherit;line-height:inherit}.elementor-widget-heading .elementor-heading-title.elementor-size-small{font-size:15px}.elementor-widget-heading .elementor-heading-title.elementor-size-medium{font-size:19px}.elementor-widget-heading .elementor-heading-title.elementor-size-large{font-size:29px}.elementor-widget-heading .elementor-heading-title.elementor-size-xl{font-size:39px}.elementor-widget-heading .elementor-heading-title.elementor-size-xxl{font-size:59px}<\/style><h2 class=\"elementor-heading-title elementor-size-default\">Nyugalombiztos t\u00e1rsash\u00e1z-kezel\u00e9s Budapesten \u00e9s k\u00f6rny\u00e9k\u00e9n<\/h2>\t\t<\/div>\n\t\t\t\t<\/div>\n\t\t\t\t<div class=\"elementor-element elementor-element-c1f38a4 elementor-widget elementor-widget-text-editor\" data-id=\"c1f38a4\" data-element_type=\"widget\" data-widget_type=\"text-editor.default\">\n\t\t\t\t<div class=\"elementor-widget-container\">\n\t\t\t<style>\/*! elementor - v3.14.0 - 18-06-2023 *\/\n.elementor-widget-text-editor.elementor-drop-cap-view-stacked .elementor-drop-cap{background-color:#69727d;color:#fff}.elementor-widget-text-editor.elementor-drop-cap-view-framed .elementor-drop-cap{color:#69727d;border:3px solid;background-color:transparent}.elementor-widget-text-editor:not(.elementor-drop-cap-view-default) .elementor-drop-cap{margin-top:8px}.elementor-widget-text-editor:not(.elementor-drop-cap-view-default) .elementor-drop-cap-letter{width:1em;height:1em}.elementor-widget-text-editor .elementor-drop-cap{float:left;text-align:center;line-height:1;font-size:50px}.elementor-widget-text-editor .elementor-drop-cap-letter{display:inline-block}<\/style>\t\t\t\t<p>K\u00e9pzeljen el egy t\u00e1rsash\u00e1zat, ahol a mindennapok nem az \u00fajabb meghib\u00e1sod\u00e1sokr\u00f3l, a folyamatos \u00fcgyint\u00e9z\u00e9sr\u0151l, csat\u00e1roz\u00e1sokr\u00f3l, hanem a nyugalomr\u00f3l, a kisz\u00e1m\u00edthat\u00f3s\u00e1gr\u00f3l sz\u00f3lnak. Tartson vel\u00fcnk egy k\u00e1v\u00e9sz\u00fcnetnyi utaz\u00e1sra, amelynek v\u00e9g\u00e9n kider\u00fcl, hogyan lesz kellemesebb lak\u00f3k\u00f6rnyezete az NDL PR\u00c9MIUM INGATLAN Kft nyugalombiztos t\u00e1rsash\u00e1z-kezel\u0151 strat\u00e9gi\u00e1j\u00e1val\u2026<\/p>\t\t\t\t\t\t<\/div>\n\t\t\t\t<\/div>\n\t\t\t\t<div class=\"elementor-element elementor-element-6508eee elementor-align-center elementor-widget elementor-widget-button\" data-id=\"6508eee\" data-element_type=\"widget\" data-widget_type=\"button.default\">\n\t\t\t\t<div class=\"elementor-widget-container\">\n\t\t\t\t\t<div class=\"elementor-button-wrapper\">\n\t\t\t<a class=\"elementor-button elementor-button-link elementor-size-sm\" href=\"https:\/\/ndlingatlan.hu\/?page_id=1334\">\n\t\t\t\t\t\t<span class=\"elementor-button-content-wrapper\">\n\t\t\t\t\t\t<span class=\"elementor-button-text\">AJ\u00c1NLATOT K\u00c9REK<\/span>\n\t\t<\/span>\n\t\t\t\t\t<\/a>\n\t\t<\/div>\n\t\t\t\t<\/div>\n\t\t\t\t<\/div>\n\t\t\t\t\t<\/div>\n\t\t<\/div>\n\t\t\t\t<div class=\"elementor-column elementor-col-50 elementor-top-column elementor-element elementor-element-cdd660d\" data-id=\"cdd660d\" data-element_type=\"column\">\n\t\t\t<div class=\"elementor-widget-wrap elementor-element-populated\">\n\t\t\t\t\t\t\t\t<div class=\"elementor-element elementor-element-c7b6fcd elementor-widget elementor-widget-image\" data-id=\"c7b6fcd\" data-element_type=\"widget\" data-widget_type=\"image.default\">\n\t\t\t\t<div class=\"elementor-widget-container\">\n\t\t\t<style>\/*! elementor - v3.14.0 - 18-06-2023 *\/\n.elementor-widget-image{text-align:center}.elementor-widget-image a{display:inline-block}.elementor-widget-image a img[src$=\".svg\"]{width:48px}.elementor-widget-image img{vertical-align:middle;display:inline-block}<\/style>\t\t\t\t\t\t\t\t\t\t\t\t<img decoding=\"async\" width=\"1024\" height=\"683\" src=\"https:\/\/ndlingatlan.hu\/wp-content\/uploads\/2023\/06\/342364911_781830993190295_2573552748678885079_n-1024x683.jpg\" class=\"attachment-large size-large wp-image-1326\" alt=\"\" loading=\"lazy\" srcset=\"https:\/\/ndlingatlan.hu\/wp-content\/uploads\/2023\/06\/342364911_781830993190295_2573552748678885079_n-1024x683.jpg 1024w, https:\/\/ndlingatlan.hu\/wp-content\/uploads\/2023\/06\/342364911_781830993190295_2573552748678885079_n-300x200.jpg 300w, https:\/\/ndlingatlan.hu\/wp-content\/uploads\/2023\/06\/342364911_781830993190295_2573552748678885079_n-768x512.jpg 768w, https:\/\/ndlingatlan.hu\/wp-content\/uploads\/2023\/06\/342364911_781830993190295_2573552748678885079_n.jpg 1284w\" sizes=\"(max-width: 1024px) 100vw, 1024px\" \/>\t\t\t\t\t\t\t\t\t\t\t\t\t\t\t<\/div>\n\t\t\t\t<\/div>\n\t\t\t\t\t<\/div>\n\t\t<\/div>\n\t\t\t\t\t\t\t<\/div>\n\t\t<\/section>\n\t\t\t\t<section class=\"elementor-section elementor-top-section elementor-element elementor-element-3ccece9 elementor-section-boxed elementor-section-height-default elementor-section-height-default\" data-id=\"3ccece9\" data-element_type=\"section\">\n\t\t\t\t\t\t<div class=\"elementor-container elementor-column-gap-default\">\n\t\t\t\t\t<div class=\"elementor-column elementor-col-100 elementor-top-column elementor-element elementor-element-4e3bc98\" data-id=\"4e3bc98\" data-element_type=\"column\">\n\t\t\t<div class=\"elementor-widget-wrap elementor-element-populated\">\n\t\t\t\t\t\t\t\t<div class=\"elementor-element elementor-element-f42d510 elementor-widget elementor-widget-heading\" data-id=\"f42d510\" data-element_type=\"widget\" data-widget_type=\"heading.default\">\n\t\t\t\t<div class=\"elementor-widget-container\">\n\t\t\t<h2 class=\"elementor-heading-title elementor-size-default\">Vel\u00fcnk minden egy kicsivel k\u00f6nnyebben, gyorsabban megy<\/h2>\t\t<\/div>\n\t\t\t\t<\/div>\n\t\t\t\t<section class=\"elementor-section elementor-inner-section elementor-element elementor-element-0fa51b6 elementor-section-boxed elementor-section-height-default elementor-section-height-default\" data-id=\"0fa51b6\" data-element_type=\"section\">\n\t\t\t\t\t\t<div class=\"elementor-container elementor-column-gap-default\">\n\t\t\t\t\t<div class=\"elementor-column elementor-col-33 elementor-inner-column elementor-element elementor-element-689a0d2\" data-id=\"689a0d2\" data-element_type=\"column\">\n\t\t\t<div class=\"elementor-widget-wrap elementor-element-populated\">\n\t\t\t\t\t\t\t\t<div class=\"elementor-element elementor-element-6606720 elementor-widget elementor-widget-heading\" data-id=\"6606720\" data-element_type=\"widget\" data-widget_type=\"heading.default\">\n\t\t\t\t<div class=\"elementor-widget-container\">\n\t\t\t<h5 class=\"elementor-heading-title elementor-size-default\">\u00c9vente sz\u00e1mos probl\u00e9m\u00e1val kevesebb<\/h5>\t\t<\/div>\n\t\t\t\t<\/div>\n\t\t\t\t<div class=\"elementor-element elementor-element-cce3478 elementor-widget elementor-widget-text-editor\" data-id=\"cce3478\" data-element_type=\"widget\" data-widget_type=\"text-editor.default\">\n\t\t\t\t<div class=\"elementor-widget-container\">\n\t\t\t\t\t\t\t<p>Az \u00e1ltalunk kezelt t\u00e1rsash\u00e1zakn\u00e1l a megoldand\u00f3 probl\u00e9m\u00e1k sz\u00e1ma t\u00e1rsash\u00e1zank\u00e9nt drasztikusan cs\u00f6kken \u00e9vente. Ez ak\u00e1r t\u00f6bb sz\u00e1zezer forintos megtakar\u00edt\u00e1st is jelenthet lak\u00f3k\u00f6z\u00f6ss\u00e9g\u00e9nek.<\/p>\t\t\t\t\t\t<\/div>\n\t\t\t\t<\/div>\n\t\t\t\t\t<\/div>\n\t\t<\/div>\n\t\t\t\t<div class=\"elementor-column elementor-col-33 elementor-inner-column elementor-element elementor-element-4f6cd1c\" data-id=\"4f6cd1c\" data-element_type=\"column\">\n\t\t\t<div class=\"elementor-widget-wrap elementor-element-populated\">\n\t\t\t\t\t\t\t\t<div class=\"elementor-element elementor-element-54eda5a elementor-widget elementor-widget-heading\" data-id=\"54eda5a\" data-element_type=\"widget\" data-widget_type=\"heading.default\">\n\t\t\t\t<div class=\"elementor-widget-container\">\n\t\t\t<h5 class=\"elementor-heading-title elementor-size-default\">13 \u00e9v tapasztalat, rengeteg sikersztori<\/h5>\t\t<\/div>\n\t\t\t\t<\/div>\n\t\t\t\t<div class=\"elementor-element elementor-element-0fc4e22 elementor-widget elementor-widget-text-editor\" data-id=\"0fc4e22\" data-element_type=\"widget\" data-widget_type=\"text-editor.default\">\n\t\t\t\t<div class=\"elementor-widget-container\">\n\t\t\t\t\t\t\t<p>Nek\u00fcnk nem csak a munk\u00e1nk, de a szenved\u00e9ly\u00fcnk is, hogy Budapestet \u00e9s k\u00f6rny\u00e9k\u00e9t \u00fajabb rendezett t\u00e1rsash\u00e1zakkal l\u00e1ssuk el. Ha \u00fagy d\u00f6nt, hogy a k\u00f6vetkez\u0151 ilyen t\u00e1rsash\u00e1z az \u00d6n\u00f6k\u00e9 lesz, akkor nem csak egy profi kezel\u0151re, de egy szenved\u00e9lyes bar\u00e1tra is tal\u00e1l.<\/p>\t\t\t\t\t\t<\/div>\n\t\t\t\t<\/div>\n\t\t\t\t\t<\/div>\n\t\t<\/div>\n\t\t\t\t<div class=\"elementor-column elementor-col-33 elementor-inner-column elementor-element elementor-element-86b95bb\" data-id=\"86b95bb\" data-element_type=\"column\">\n\t\t\t<div class=\"elementor-widget-wrap elementor-element-populated\">\n\t\t\t\t\t\t\t\t<div class=\"elementor-element elementor-element-32baff7 elementor-widget elementor-widget-heading\" data-id=\"32baff7\" data-element_type=\"widget\" data-widget_type=\"heading.default\">\n\t\t\t\t<div class=\"elementor-widget-container\">\n\t\t\t<h5 class=\"elementor-heading-title elementor-size-default\">Lak\u00f3k\u00f6z\u00f6ss\u00e9g\u00e9re szabott strat\u00e9gia<\/h5>\t\t<\/div>\n\t\t\t\t<\/div>\n\t\t\t\t<div class=\"elementor-element elementor-element-f4dce28 elementor-widget elementor-widget-text-editor\" data-id=\"f4dce28\" data-element_type=\"widget\" data-widget_type=\"text-editor.default\">\n\t\t\t\t<div class=\"elementor-widget-container\">\n\t\t\t\t\t\t\t<p>Szem\u00e9let\u00fcnk szerint minden t\u00e1rsash\u00e1znak lelke, szem\u00e9lyis\u00e9ge van, amit a lak\u00f3kt\u00f3l kapnak. Mi pedig k\u00f6teless\u00e9g\u00fcnknek \u00e9rezz\u00fck, hogy a lak\u00f3k\u00f6z\u00f6ss\u00e9gek ig\u00e9nyeit felm\u00e9rve dolgozzunk. \u00cdgy a k\u00f6z\u00f6s munk\u00e1t soha nem kezdj\u00fck el an\u00e9lk\u00fcl, hogy meg ne ismern\u00e9nk a lak\u00f3k\u00f6z\u00f6ss\u00e9get.\u00a0<\/p>\t\t\t\t\t\t<\/div>\n\t\t\t\t<\/div>\n\t\t\t\t\t<\/div>\n\t\t<\/div>\n\t\t\t\t\t\t\t<\/div>\n\t\t<\/section>\n\t\t\t\t\t<\/div>\n\t\t<\/div>\n\t\t\t\t\t\t\t<\/div>\n\t\t<\/section>\n\t\t\t\t<section class=\"elementor-section elementor-top-section elementor-element elementor-element-032e64f elementor-section-boxed elementor-section-height-default elementor-section-height-default\" data-id=\"032e64f\" data-element_type=\"section\">\n\t\t\t\t\t\t<div class=\"elementor-container elementor-column-gap-default\">\n\t\t\t\t\t<div class=\"elementor-column elementor-col-50 elementor-top-column elementor-element elementor-element-8dd5ca0\" data-id=\"8dd5ca0\" data-element_type=\"column\">\n\t\t\t<div class=\"elementor-widget-wrap elementor-element-populated\">\n\t\t\t\t\t\t\t\t<div class=\"elementor-element elementor-element-c107a89 elementor-widget elementor-widget-image\" data-id=\"c107a89\" data-element_type=\"widget\" data-widget_type=\"image.default\">\n\t\t\t\t<div class=\"elementor-widget-container\">\n\t\t\t\t\t\t\t\t\t\t\t\t\t\t\t<img decoding=\"async\" width=\"1024\" height=\"675\" src=\"https:\/\/ndlingatlan.hu\/wp-content\/uploads\/2023\/06\/342378399_2185810908256034_816630402749536974_n-1024x675.jpg\" class=\"attachment-large size-large wp-image-1327\" alt=\"\" loading=\"lazy\" srcset=\"https:\/\/ndlingatlan.hu\/wp-content\/uploads\/2023\/06\/342378399_2185810908256034_816630402749536974_n-1024x675.jpg 1024w, https:\/\/ndlingatlan.hu\/wp-content\/uploads\/2023\/06\/342378399_2185810908256034_816630402749536974_n-300x198.jpg 300w, https:\/\/ndlingatlan.hu\/wp-content\/uploads\/2023\/06\/342378399_2185810908256034_816630402749536974_n-768x507.jpg 768w, https:\/\/ndlingatlan.hu\/wp-content\/uploads\/2023\/06\/342378399_2185810908256034_816630402749536974_n.jpg 1284w\" sizes=\"(max-width: 1024px) 100vw, 1024px\" \/>\t\t\t\t\t\t\t\t\t\t\t\t\t\t\t<\/div>\n\t\t\t\t<\/div>\n\t\t\t\t\t<\/div>\n\t\t<\/div>\n\t\t\t\t<div class=\"elementor-column elementor-col-50 elementor-top-column elementor-element elementor-element-a837abc\" data-id=\"a837abc\" data-element_type=\"column\">\n\t\t\t<div class=\"elementor-widget-wrap elementor-element-populated\">\n\t\t\t\t\t\t\t\t<div class=\"elementor-element elementor-element-1324a4e elementor-widget elementor-widget-heading\" data-id=\"1324a4e\" data-element_type=\"widget\" data-widget_type=\"heading.default\">\n\t\t\t\t<div class=\"elementor-widget-container\">\n\t\t\t<h2 class=\"elementor-heading-title elementor-size-default\">Nyugalombiztos T\u00e1rsash\u00e1z 13 l\u00e9p\u00e9sben<\/h2>\t\t<\/div>\n\t\t\t\t<\/div>\n\t\t\t\t<div class=\"elementor-element elementor-element-108afcf elementor-widget elementor-widget-text-editor\" data-id=\"108afcf\" data-element_type=\"widget\" data-widget_type=\"text-editor.default\">\n\t\t\t\t<div class=\"elementor-widget-container\">\n\t\t\t\t\t\t\t<p><span style=\"color: #7c5819;\"><strong>#1 \u00c1tl\u00e1that\u00f3 gazd\u00e1lkod\u00e1s <\/strong><\/span><\/p><p>A Sz\u00e1mvizsg\u00e1l\u00f3 Bizotts\u00e1g, illetve a lak\u00f3k\u00f6z\u00f6ss\u00e9g sz\u00e1m\u00e1ra havi elsz\u00e1mol\u00e1st k\u00e9sz\u00edt\u00fcnk. 0-24 el\u00e9rhet\u0151 online rendszer\u00fcnknek k\u00f6sz\u00f6nhet\u0151en az \u00f6sszes lak\u00f3\u00a0b\u00e1rmikor betekinthet a t\u00e1rsash\u00e1z dokumentumaiba.<\/p><p><strong>\u00a0<\/strong><\/p><p><span style=\"color: #7c5819;\"><strong>#2 Tulajdonosi szeml\u00e9let <\/strong><\/span><\/p><p>K\u00e9rdez\u00fcnk, besz\u00e9lget\u00fcnk, kommunik\u00e1lunk. A lak\u00f3k ig\u00e9nyeit folyamatosan figyelj\u00fck. Ezzel garant\u00e1ljuk, hogy a t\u00e1rsash\u00e1z \u00e9s a k\u00f6z\u00f6s haszn\u00e1lat\u00fa helyis\u00e9gek \u00e1llapota hozz\u00e1j\u00e1ruljon a\u00a0lak\u00e1sok \u00e9rt\u00e9kn\u00f6veked\u00e9s\u00e9hez.<\/p>\t\t\t\t\t\t<\/div>\n\t\t\t\t<\/div>\n\t\t\t\t<div class=\"elementor-element elementor-element-d3cc67a elementor-align-center elementor-widget elementor-widget-button\" data-id=\"d3cc67a\" data-element_type=\"widget\" data-widget_type=\"button.default\">\n\t\t\t\t<div class=\"elementor-widget-container\">\n\t\t\t\t\t<div class=\"elementor-button-wrapper\">\n\t\t\t<a class=\"elementor-button elementor-button-link elementor-size-sm\" href=\"https:\/\/ndlingatlan.hu\/?page_id=1337\">\n\t\t\t\t\t\t<span class=\"elementor-button-content-wrapper\">\n\t\t\t\t\t\t<span class=\"elementor-button-text\">Tov\u00e1bb olvasom<\/span>\n\t\t<\/span>\n\t\t\t\t\t<\/a>\n\t\t<\/div>\n\t\t\t\t<\/div>\n\t\t\t\t<\/div>\n\t\t\t\t\t<\/div>\n\t\t<\/div>\n\t\t\t\t\t\t\t<\/div>\n\t\t<\/section>\n\t\t\t\t\t\t\t<\/div>\n\t\t","protected":false},"excerpt":{"rendered":"<p>Nyugalombiztos t\u00e1rsash\u00e1z-kezel\u00e9s Budapesten \u00e9s k\u00f6rny\u00e9k\u00e9n K\u00e9pzeljen el egy t\u00e1rsash\u00e1zat, ahol a mindennapok nem az \u00fajabb meghib\u00e1sod\u00e1sokr\u00f3l, a folyamatos \u00fcgyint\u00e9z\u00e9sr\u0151l, csat\u00e1roz\u00e1sokr\u00f3l, hanem a nyugalomr\u00f3l, a kisz\u00e1m\u00edthat\u00f3s\u00e1gr\u00f3l sz\u00f3lnak. Tartson vel\u00fcnk egy k\u00e1v\u00e9sz\u00fcnetnyi utaz\u00e1sra, amelynek v\u00e9g\u00e9n kider\u00fcl, hogyan lesz kellemesebb lak\u00f3k\u00f6rnyezete az NDL PR\u00c9MIUM INGATLAN Kft nyugalombiztos t\u00e1rsash\u00e1z-kezel\u0151 strat\u00e9gi\u00e1j\u00e1val\u2026 AJ\u00c1NLATOT K\u00c9REK Vel\u00fcnk minden egy kicsivel k\u00f6nnyebben, gyorsabban megy &hellip;<\/p>\n<p class=\"read-more\"> <a class=\"\" href=\"https:\/\/ndlingatlan.hu\/\"> <span class=\"screen-reader-text\">Home<\/span> Read More &raquo;<\/a><\/p>\n","protected":false},"author":2,"featured_media":0,"parent":0,"menu_order":0,"comment_status":"closed","ping_status":"closed","template":"","meta":{"_mi_skip_tracking":false,"_monsterinsights_sitenote_active":false,"_monsterinsights_sitenote_note":"","_monsterinsights_sitenote_category":0,"site-sidebar-layout":"no-sidebar","site-content-layout":"page-builder","ast-global-header-display":"","ast-banner-title-visibility":"","ast-main-header-display":"","ast-hfb-above-header-display":"","ast-hfb-below-header-display":"","ast-hfb-mobile-header-display":"","site-post-title":"disabled","ast-breadcrumbs-content":"","ast-featured-img":"disabled","footer-sml-layout":"","theme-transparent-header-meta":"default","adv-header-id-meta":"","stick-header-meta":"","header-above-stick-meta":"","header-main-stick-meta":"","header-below-stick-meta":""},"_links":{"self":[{"href":"https:\/\/ndlingatlan.hu\/index.php?rest_route=\/wp\/v2\/pages\/1317"}],"collection":[{"href":"https:\/\/ndlingatlan.hu\/index.php?rest_route=\/wp\/v2\/pages"}],"about":[{"href":"https:\/\/ndlingatlan.hu\/index.php?rest_route=\/wp\/v2\/types\/page"}],"author":[{"embeddable":true,"href":"https:\/\/ndlingatlan.hu\/index.php?rest_route=\/wp\/v2\/users\/2"}],"replies":[{"embeddable":true,"href":"https:\/\/ndlingatlan.hu\/index.php?rest_route=%2Fwp%2Fv2%2Fcomments&post=1317"}],"version-history":[{"count":6,"href":"https:\/\/ndlingatlan.hu\/index.php?rest_route=\/wp\/v2\/pages\/1317\/revisions"}],"predecessor-version":[{"id":1348,"href":"https:\/\/ndlingatlan.hu\/index.php?rest_route=\/wp\/v2\/pages\/1317\/revisions\/1348"}],"wp:attachment":[{"href":"https:\/\/ndlingatlan.hu\/index.php?rest_route=%2Fwp%2Fv2%2Fmedia&parent=1317"}],"curies":[{"name":"wp","href":"https:\/\/api.w.org\/{rel}","templated":true}]}}